{"id":883,"date":"2023-11-19T21:05:13","date_gmt":"2023-11-19T21:05:13","guid":{"rendered":"https:\/\/brunnastore.com\/?post_type=product&#038;p=883"},"modified":"2024-03-20T20:01:20","modified_gmt":"2024-03-20T20:01:20","slug":"vienna","status":"publish","type":"product","link":"https:\/\/brunnastore.com\/?product=vienna","title":{"rendered":"Vienna"},"content":{"rendered":"","protected":false},"excerpt":{"rendered":"<p>Realza tus curvas naturales con nuestras calzas sin costuras. El dise\u00f1o especial en los gl\u00fateos y la faja reductora integrada te dar\u00e1n una figura m\u00e1s esbelta y definida.<\/p>\n","protected":false},"featured_media":1578,"comment_status":"open","ping_status":"closed","template":"","meta":{"om_disable_all_campaigns":false,"_monsterinsights_skip_tracking":false,"_monsterinsights_sitenote_active":false,"_monsterinsights_sitenote_note":"","_monsterinsights_sitenote_category":0,"site-sidebar-layout":"default","site-content-layout":"default","ast-global-header-display":"","ast-main-header-display":"","ast-hfb-above-header-display":"","ast-hfb-below-header-display":"","ast-hfb-mobile-header-display":"","site-post-title":"","ast-breadcrumbs-content":"","ast-featured-img":"","footer-sml-layout":"","theme-transparent-header-meta":"default","adv-header-id-meta":"","stick-header-meta":"","header-above-stick-meta":"","header-main-stick-meta":"","header-below-stick-meta":"","_joinchat":[]},"product_cat":[27,21],"product_tag":[],"class_list":{"0":"post-883","1":"product","2":"type-product","3":"status-publish","4":"has-post-thumbnail","6":"product_cat-coleccion-vienna","7":"product_cat-dama-calzas","8":"pa_color-negro","9":"pa_color-rojo","10":"pa_talle-s","11":"pa_talle-m","12":"pa_talle-l","14":"first","15":"instock","16":"sale","17":"shipping-taxable","18":"purchasable","19":"product-type-variable","20":"has-default-attributes"},"aioseo_notices":[],"_links":{"self":[{"href":"https:\/\/brunnastore.com\/index.php?rest_route=\/wp\/v2\/product\/883","targetHints":{"allow":["GET"]}}],"collection":[{"href":"https:\/\/brunnastore.com\/index.php?rest_route=\/wp\/v2\/product"}],"about":[{"href":"https:\/\/brunnastore.com\/index.php?rest_route=\/wp\/v2\/types\/product"}],"replies":[{"embeddable":true,"href":"https:\/\/brunnastore.com\/index.php?rest_route=%2Fwp%2Fv2%2Fcomments&post=883"}],"wp:featuredmedia":[{"embeddable":true,"href":"https:\/\/brunnastore.com\/index.php?rest_route=\/wp\/v2\/media\/1578"}],"wp:attachment":[{"href":"https:\/\/brunnastore.com\/index.php?rest_route=%2Fwp%2Fv2%2Fmedia&parent=883"}],"wp:term":[{"taxonomy":"product_cat","embeddable":true,"href":"https:\/\/brunnastore.com\/index.php?rest_route=%2Fwp%2Fv2%2Fproduct_cat&post=883"},{"taxonomy":"product_tag","embeddable":true,"href":"https:\/\/brunnastore.com\/index.php?rest_route=%2Fwp%2Fv2%2Fproduct_tag&post=883"}],"curies":[{"name":"wp","href":"https:\/\/api.w.org\/{rel}","templated":true}]}}